{"id":1486,"date":"2025-07-24T15:06:15","date_gmt":"2025-07-24T18:06:15","guid":{"rendered":"https:\/\/www.saojoseteresina.com.br\/v2\/?page_id=1486"},"modified":"2025-07-25T13:10:03","modified_gmt":"2025-07-25T16:10:03","slug":"sao-jose-entre-as-melhores-escolas-do-brasil","status":"publish","type":"page","link":"https:\/\/www.saojoseteresina.com.br\/v2\/sao-jose-entre-as-melhores-escolas-do-brasil\/","title":{"rendered":"S\u00e3o Jos\u00e9 entre as melhores escolas do Brasil"},"content":{"rendered":"<section class=\"l-section wpb_row height_small\"><div class=\"l-section-overlay\" style=\"background:var(--color-footer-link-hover)\"><\/div><div class=\"l-section-h i-cf\"><div class=\"g-cols vc_row via_flex valign_top type_default stacking_default\"><div class=\"vc_col-sm-12 wpb_column vc_column_container\"><div class=\"vc_column-inner\"><div class=\"wpb_wrapper\"><h2 class=\"w-post-elm post_title entry-title color_link_inherit\">S\u00e3o Jos\u00e9 entre as melhores escolas do Brasil<\/h2><\/div><\/div><\/div><\/div><\/div><\/section><section class=\"l-section wpb_row us_custom_6df4bc3a has_text_color height_small\"><div class=\"l-section-overlay\" style=\"background:var(--color-header-middle-text)\"><\/div><div class=\"l-section-h i-cf\"><div class=\"g-cols vc_row via_flex valign_top type_default stacking_default\"><div class=\"vc_col-sm-12 wpb_column vc_column_container\"><div class=\"vc_column-inner\"><div class=\"wpb_wrapper\"><div class=\"wpb_text_column\"><div class=\"wpb_wrapper\"><h3>De acordo com o MEC e com os principais jornais do Brasil o S\u00e3o Jos\u00e9 \u00e9 a melhor escola do Piau\u00ed e a 9\u00ba melhor escola do Brasil.<\/h3>\n<\/div><\/div><\/div><\/div><\/div><\/div><\/div><\/section><section class=\"l-section wpb_row height_medium\"><div class=\"l-section-h i-cf\"><div class=\"g-cols vc_row via_flex valign_top type_default stacking_default\"><div class=\"vc_col-sm-12 wpb_column vc_column_container\"><div class=\"vc_column-inner\"><div class=\"wpb_wrapper\"><div class=\"g-cols wpb_row via_flex valign_top type_default stacking_default\"><div class=\"vc_col-sm-4 wpb_column vc_column_container\"><div class=\"vc_column-inner\"><div class=\"wpb_wrapper\"><div class=\"w-image us_custom_213e151c align_center\"><a href=\"https:\/\/oglobo.globo.com\/brasil\/educacao\/enem-e-vestibular\/noticia\/2025\/07\/11\/enem-2024-conheca-as-15-escolas-com-as-maiores-notas-de-cada-estado.ghtml\" aria-label=\"Link\" class=\"w-image-h\"><img width=\"1024\" height=\"1280\" src=\"https:\/\/www.saojoseteresina.com.br\/v2\/wp-content\/uploads\/2025\/07\/IMG-20250722-WA0055.jpg\" class=\"attachment-full size-full\" alt=\"\" decoding=\"async\" loading=\"lazy\" srcset=\"https:\/\/www.saojoseteresina.com.br\/v2\/wp-content\/uploads\/2025\/07\/IMG-20250722-WA0055.jpg 1024w, https:\/\/www.saojoseteresina.com.br\/v2\/wp-content\/uploads\/2025\/07\/IMG-20250722-WA0055-240x300.jpg 240w, https:\/\/www.saojoseteresina.com.br\/v2\/wp-content\/uploads\/2025\/07\/IMG-20250722-WA0055-819x1024.jpg 819w\" sizes=\"(max-width: 1024px) 100vw, 1024px\" \/><\/a><\/div><div class=\"w-separator size_small\"><\/div><div class=\"w-btn-wrapper align_justify\"><a class=\"w-btn us-btn-style_19 icon_atleft\" href=\"https:\/\/oglobo.globo.com\/brasil\/educacao\/enem-e-vestibular\/noticia\/2025\/07\/11\/enem-2024-conheca-as-15-escolas-com-as-maiores-notas-de-cada-estado.ghtml\"><i class=\"fas fa-arrow-circle-right\"><\/i><span class=\"w-btn-label\">Clique e acesse a not\u00edcia<\/span><\/a><\/div><\/div><\/div><\/div><div class=\"vc_col-sm-4 wpb_column vc_column_container\"><div class=\"vc_column-inner\"><div class=\"wpb_wrapper\"><div class=\"w-image us_custom_213e151c align_center\"><a href=\"https:\/\/www.cnnbrasil.com.br\/educacao\/veja-quais-sao-as-50-escolas-com-as-melhores-notas-no-enem-2024\/\" aria-label=\"Link\" class=\"w-image-h\"><img width=\"1024\" height=\"1280\" src=\"https:\/\/www.saojoseteresina.com.br\/v2\/wp-content\/uploads\/2025\/07\/IMG-20250722-WA0053.jpg\" class=\"attachment-full size-full\" alt=\"\" decoding=\"async\" loading=\"lazy\" srcset=\"https:\/\/www.saojoseteresina.com.br\/v2\/wp-content\/uploads\/2025\/07\/IMG-20250722-WA0053.jpg 1024w, https:\/\/www.saojoseteresina.com.br\/v2\/wp-content\/uploads\/2025\/07\/IMG-20250722-WA0053-240x300.jpg 240w, https:\/\/www.saojoseteresina.com.br\/v2\/wp-content\/uploads\/2025\/07\/IMG-20250722-WA0053-819x1024.jpg 819w\" sizes=\"(max-width: 1024px) 100vw, 1024px\" \/><\/a><\/div><div class=\"w-separator size_small\"><\/div><div class=\"w-btn-wrapper align_justify\"><a class=\"w-btn us-btn-style_19 icon_atleft\" href=\"https:\/\/www.cnnbrasil.com.br\/educacao\/veja-quais-sao-as-50-escolas-com-as-melhores-notas-no-enem-2024\/\"><i class=\"fas fa-arrow-circle-right\"><\/i><span class=\"w-btn-label\">Clique e acesse a not\u00edcia<\/span><\/a><\/div><\/div><\/div><\/div><div class=\"vc_col-sm-4 wpb_column vc_column_container\"><div class=\"vc_column-inner\"><div class=\"wpb_wrapper\"><div class=\"w-image us_custom_213e151c align_center\"><a href=\"https:\/\/g1.globo.com\/educacao\/noticia\/2025\/07\/14\/enem-2024-ranking-melhores-escolas.ghtml\" aria-label=\"Link\" class=\"w-image-h\"><img width=\"1024\" height=\"1280\" src=\"https:\/\/www.saojoseteresina.com.br\/v2\/wp-content\/uploads\/2025\/07\/IMG-20250722-WA0056.jpg\" class=\"attachment-full size-full\" alt=\"\" decoding=\"async\" loading=\"lazy\" srcset=\"https:\/\/www.saojoseteresina.com.br\/v2\/wp-content\/uploads\/2025\/07\/IMG-20250722-WA0056.jpg 1024w, https:\/\/www.saojoseteresina.com.br\/v2\/wp-content\/uploads\/2025\/07\/IMG-20250722-WA0056-240x300.jpg 240w, https:\/\/www.saojoseteresina.com.br\/v2\/wp-content\/uploads\/2025\/07\/IMG-20250722-WA0056-819x1024.jpg 819w\" sizes=\"(max-width: 1024px) 100vw, 1024px\" \/><\/a><\/div><div class=\"w-separator size_small\"><\/div><div class=\"w-btn-wrapper align_justify\"><a class=\"w-btn us-btn-style_19 icon_atleft\" href=\"https:\/\/g1.globo.com\/educacao\/noticia\/2025\/07\/14\/enem-2024-ranking-melhores-escolas.ghtml\"><i class=\"fas fa-arrow-circle-right\"><\/i><span class=\"w-btn-label\">Clique e acesse a not\u00edcia<\/span><\/a><\/div><\/div><\/div><\/div><\/div><div class=\"w-separator size_small\"><\/div><div class=\"g-cols wpb_row via_flex valign_top type_default stacking_default\"><div class=\"vc_col-sm-4 wpb_column vc_column_container\"><div class=\"vc_column-inner\"><div class=\"wpb_wrapper\"><div class=\"w-image us_custom_213e151c align_center\"><a href=\"https:\/\/www.metropoles.com\/distrito-federal\/df-tem-duas-escolas-entre-as-50-com-melhores-notas-no-enem-veja-quais\" aria-label=\"Link\" class=\"w-image-h\"><img width=\"1024\" height=\"1280\" src=\"https:\/\/www.saojoseteresina.com.br\/v2\/wp-content\/uploads\/2025\/07\/IMG-20250722-WA0050.jpg\" class=\"attachment-full size-full\" alt=\"\" decoding=\"async\" loading=\"lazy\" srcset=\"https:\/\/www.saojoseteresina.com.br\/v2\/wp-content\/uploads\/2025\/07\/IMG-20250722-WA0050.jpg 1024w, https:\/\/www.saojoseteresina.com.br\/v2\/wp-content\/uploads\/2025\/07\/IMG-20250722-WA0050-240x300.jpg 240w, https:\/\/www.saojoseteresina.com.br\/v2\/wp-content\/uploads\/2025\/07\/IMG-20250722-WA0050-819x1024.jpg 819w\" sizes=\"(max-width: 1024px) 100vw, 1024px\" \/><\/a><\/div><div class=\"w-separator size_small\"><\/div><div class=\"w-btn-wrapper align_justify\"><a class=\"w-btn us-btn-style_19 icon_atleft\" href=\"https:\/\/www.metropoles.com\/distrito-federal\/df-tem-duas-escolas-entre-as-50-com-melhores-notas-no-enem-veja-quais\"><i class=\"fas fa-arrow-circle-right\"><\/i><span class=\"w-btn-label\">Clique e acesse a not\u00edcia<\/span><\/a><\/div><\/div><\/div><\/div><div class=\"vc_col-sm-4 wpb_column vc_column_container\"><div class=\"vc_column-inner\"><div class=\"wpb_wrapper\"><div class=\"w-image us_custom_213e151c align_center\"><a href=\"https:\/\/www.terra.com.br\/noticias\/educacao\/enem\/ce-ocupa-quatro-das-cinco-primeiras-posicoes-de-escolas-com-melhor-desempenho-no-enem,d90a9bd6cd6140c73b9ee9aaa7ad7ad37b7bjmbz.html\" aria-label=\"Link\" class=\"w-image-h\"><img width=\"1024\" height=\"1280\" src=\"https:\/\/www.saojoseteresina.com.br\/v2\/wp-content\/uploads\/2025\/07\/IMG-20250722-WA0052.jpg\" class=\"attachment-full size-full\" alt=\"\" decoding=\"async\" loading=\"lazy\" srcset=\"https:\/\/www.saojoseteresina.com.br\/v2\/wp-content\/uploads\/2025\/07\/IMG-20250722-WA0052.jpg 1024w, https:\/\/www.saojoseteresina.com.br\/v2\/wp-content\/uploads\/2025\/07\/IMG-20250722-WA0052-240x300.jpg 240w, https:\/\/www.saojoseteresina.com.br\/v2\/wp-content\/uploads\/2025\/07\/IMG-20250722-WA0052-819x1024.jpg 819w\" sizes=\"(max-width: 1024px) 100vw, 1024px\" \/><\/a><\/div><div class=\"w-separator size_small\"><\/div><div class=\"w-btn-wrapper align_justify\"><a class=\"w-btn us-btn-style_19 icon_atleft\" href=\"https:\/\/www.terra.com.br\/noticias\/educacao\/enem\/ce-ocupa-quatro-das-cinco-primeiras-posicoes-de-escolas-com-melhor-desempenho-no-enem,d90a9bd6cd6140c73b9ee9aaa7ad7ad37b7bjmbz.html\"><i class=\"fas fa-arrow-circle-right\"><\/i><span class=\"w-btn-label\">Clique e acesse a not\u00edcia<\/span><\/a><\/div><\/div><\/div><\/div><div class=\"vc_col-sm-4 wpb_column vc_column_container\"><div class=\"vc_column-inner\"><div class=\"wpb_wrapper\"><div class=\"w-image us_custom_213e151c align_center\"><a href=\"https:\/\/180graus.com\/educacao\/cinco-escolas-de-teresina-estao-entre-as-50-melhores-do-brasil-no-enem-2024-segundo-o-globo\/\" aria-label=\"Link\" class=\"w-image-h\"><img width=\"1024\" height=\"1280\" src=\"https:\/\/www.saojoseteresina.com.br\/v2\/wp-content\/uploads\/2025\/07\/IMG-20250722-WA0057.jpg\" class=\"attachment-full size-full\" alt=\"\" decoding=\"async\" loading=\"lazy\" srcset=\"https:\/\/www.saojoseteresina.com.br\/v2\/wp-content\/uploads\/2025\/07\/IMG-20250722-WA0057.jpg 1024w, https:\/\/www.saojoseteresina.com.br\/v2\/wp-content\/uploads\/2025\/07\/IMG-20250722-WA0057-240x300.jpg 240w, https:\/\/www.saojoseteresina.com.br\/v2\/wp-content\/uploads\/2025\/07\/IMG-20250722-WA0057-819x1024.jpg 819w\" sizes=\"(max-width: 1024px) 100vw, 1024px\" \/><\/a><\/div><div class=\"w-separator size_small\"><\/div><div class=\"w-btn-wrapper align_justify\"><a class=\"w-btn us-btn-style_19 icon_atleft\" href=\"https:\/\/180graus.com\/educacao\/cinco-escolas-de-teresina-estao-entre-as-50-melhores-do-brasil-no-enem-2024-segundo-o-globo\/\"><i class=\"fas fa-arrow-circle-right\"><\/i><span class=\"w-btn-label\">Clique e acesse a not\u00edcia<\/span><\/a><\/div><\/div><\/div><\/div><\/div><div class=\"w-separator size_small\"><\/div><div class=\"g-cols wpb_row via_flex valign_top type_default stacking_default\"><div class=\"vc_col-sm-4 wpb_column vc_column_container\"><div class=\"vc_column-inner\"><div class=\"wpb_wrapper\"><div class=\"w-image us_custom_213e151c align_center\"><a href=\"https:\/\/diariodocomercio.com.br\/mix\/ranking-do-enem-revela-as-50-melhores-escolas-do-brasil\/#google_vignette\" aria-label=\"Link\" class=\"w-image-h\"><img width=\"1024\" height=\"1280\" src=\"https:\/\/www.saojoseteresina.com.br\/v2\/wp-content\/uploads\/2025\/07\/IMG-20250722-WA0054.jpg\" class=\"attachment-full size-full\" alt=\"\" decoding=\"async\" loading=\"lazy\" srcset=\"https:\/\/www.saojoseteresina.com.br\/v2\/wp-content\/uploads\/2025\/07\/IMG-20250722-WA0054.jpg 1024w, https:\/\/www.saojoseteresina.com.br\/v2\/wp-content\/uploads\/2025\/07\/IMG-20250722-WA0054-240x300.jpg 240w, https:\/\/www.saojoseteresina.com.br\/v2\/wp-content\/uploads\/2025\/07\/IMG-20250722-WA0054-819x1024.jpg 819w\" sizes=\"(max-width: 1024px) 100vw, 1024px\" \/><\/a><\/div><div class=\"w-separator size_small\"><\/div><div class=\"w-btn-wrapper align_justify\"><a class=\"w-btn us-btn-style_19 icon_atleft\" href=\"https:\/\/diariodocomercio.com.br\/mix\/ranking-do-enem-revela-as-50-melhores-escolas-do-brasil\/#google_vignette\"><i class=\"fas fa-arrow-circle-right\"><\/i><span class=\"w-btn-label\">Clique e acesse a not\u00edcia<\/span><\/a><\/div><\/div><\/div><\/div><div class=\"vc_col-sm-4 wpb_column vc_column_container\"><div class=\"vc_column-inner\"><div class=\"wpb_wrapper\"><div class=\"w-image us_custom_213e151c align_center\"><a href=\"https:\/\/cidadeverde.com\/noticias\/437869\/escola-de-teresina-esta-no-top-10-das-melhores-do-brasil\" aria-label=\"Link\" class=\"w-image-h\"><img width=\"1024\" height=\"1280\" src=\"https:\/\/www.saojoseteresina.com.br\/v2\/wp-content\/uploads\/2025\/07\/IMG-20250722-WA0051.jpg\" class=\"attachment-full size-full\" alt=\"\" decoding=\"async\" loading=\"lazy\" srcset=\"https:\/\/www.saojoseteresina.com.br\/v2\/wp-content\/uploads\/2025\/07\/IMG-20250722-WA0051.jpg 1024w, https:\/\/www.saojoseteresina.com.br\/v2\/wp-content\/uploads\/2025\/07\/IMG-20250722-WA0051-240x300.jpg 240w, https:\/\/www.saojoseteresina.com.br\/v2\/wp-content\/uploads\/2025\/07\/IMG-20250722-WA0051-819x1024.jpg 819w\" sizes=\"(max-width: 1024px) 100vw, 1024px\" \/><\/a><\/div><div class=\"w-separator size_small\"><\/div><div class=\"w-btn-wrapper align_justify\"><a class=\"w-btn us-btn-style_19 icon_atleft\" href=\"https:\/\/cidadeverde.com\/noticias\/437869\/escola-de-teresina-esta-no-top-10-das-melhores-do-brasil\"><i class=\"fas fa-arrow-circle-right\"><\/i><span class=\"w-btn-label\">Clique e acesse a not\u00edcia<\/span><\/a><\/div><\/div><\/div><\/div><div class=\"vc_col-sm-4 wpb_column vc_column_container\"><div class=\"vc_column-inner\"><div class=\"wpb_wrapper\"><div class=\"w-image us_custom_213e151c align_center\"><a href=\"https:\/\/www.opovo.com.br\/noticias\/fortaleza\/2025\/07\/12\/quatro-das-cinco-escolas-com-melhores-notas-no-enem-estao-em-fortaleza-saiba-quais.html\" aria-label=\"Link\" class=\"w-image-h\"><img width=\"1024\" height=\"1280\" src=\"https:\/\/www.saojoseteresina.com.br\/v2\/wp-content\/uploads\/2025\/07\/IMG-20250722-WA0048.jpg\" class=\"attachment-full size-full\" alt=\"\" decoding=\"async\" loading=\"lazy\" srcset=\"https:\/\/www.saojoseteresina.com.br\/v2\/wp-content\/uploads\/2025\/07\/IMG-20250722-WA0048.jpg 1024w, https:\/\/www.saojoseteresina.com.br\/v2\/wp-content\/uploads\/2025\/07\/IMG-20250722-WA0048-240x300.jpg 240w, https:\/\/www.saojoseteresina.com.br\/v2\/wp-content\/uploads\/2025\/07\/IMG-20250722-WA0048-819x1024.jpg 819w\" sizes=\"(max-width: 1024px) 100vw, 1024px\" \/><\/a><\/div><div class=\"w-separator size_small\"><\/div><div class=\"w-btn-wrapper align_justify\"><a class=\"w-btn us-btn-style_19 icon_atleft\" href=\"https:\/\/www.opovo.com.br\/noticias\/fortaleza\/2025\/07\/12\/quatro-das-cinco-escolas-com-melhores-notas-no-enem-estao-em-fortaleza-saiba-quais.html\"><i class=\"fas fa-arrow-circle-right\"><\/i><span class=\"w-btn-label\">Clique e acesse a not\u00edcia<\/span><\/a><\/div><\/div><\/div><\/div><\/div><div class=\"w-separator size_small\"><\/div><div class=\"g-cols wpb_row via_flex valign_top type_default stacking_default\"><div class=\"vc_col-sm-4 wpb_column vc_column_container\"><div class=\"vc_column-inner\"><div class=\"wpb_wrapper\"><\/div><\/div><\/div><div class=\"vc_col-sm-4 wpb_column vc_column_container\"><div class=\"vc_column-inner\"><div class=\"wpb_wrapper\"><\/div><\/div><\/div><div class=\"vc_col-sm-4 wpb_column vc_column_container\"><div class=\"vc_column-inner\"><div class=\"wpb_wrapper\"><\/div><\/div><\/div><\/div><\/div><\/div><\/div><\/div><\/div><\/section>\n","protected":false},"excerpt":{"rendered":"S\u00e3o Jos\u00e9 entre as melhores escolas do BrasilDe acordo com o MEC e com os principais jornais do Brasil o S\u00e3o Jos\u00e9 \u00e9 a melhor escola do Piau\u00ed e a 9\u00ba melhor escola do Brasil. Clique e acesse a not\u00edciaClique e acesse a not\u00edciaClique e acesse a not\u00edciaClique e acesse a not\u00edciaClique e acesse a...","protected":false},"author":1,"featured_media":0,"parent":0,"menu_order":0,"comment_status":"closed","ping_status":"closed","template":"","meta":{"footnotes":""},"_links":{"self":[{"href":"https:\/\/www.saojoseteresina.com.br\/v2\/wp-json\/wp\/v2\/pages\/1486"}],"collection":[{"href":"https:\/\/www.saojoseteresina.com.br\/v2\/wp-json\/wp\/v2\/pages"}],"about":[{"href":"https:\/\/www.saojoseteresina.com.br\/v2\/wp-json\/wp\/v2\/types\/page"}],"author":[{"embeddable":true,"href":"https:\/\/www.saojoseteresina.com.br\/v2\/wp-json\/wp\/v2\/users\/1"}],"replies":[{"embeddable":true,"href":"https:\/\/www.saojoseteresina.com.br\/v2\/wp-json\/wp\/v2\/comments?post=1486"}],"version-history":[{"count":13,"href":"https:\/\/www.saojoseteresina.com.br\/v2\/wp-json\/wp\/v2\/pages\/1486\/revisions"}],"predecessor-version":[{"id":1512,"href":"https:\/\/www.saojoseteresina.com.br\/v2\/wp-json\/wp\/v2\/pages\/1486\/revisions\/1512"}],"wp:attachment":[{"href":"https:\/\/www.saojoseteresina.com.br\/v2\/wp-json\/wp\/v2\/media?parent=1486"}],"curies":[{"name":"wp","href":"https:\/\/api.w.org\/{rel}","templated":true}]}}