{"id":188,"date":"2020-09-16T10:01:36","date_gmt":"2020-09-16T13:01:36","guid":{"rendered":"https:\/\/www.saojoseteresina.com.br\/v2\/?page_id=188"},"modified":"2024-12-12T22:04:33","modified_gmt":"2024-12-13T01:04:33","slug":"pre-vestibular","status":"publish","type":"page","link":"https:\/\/www.saojoseteresina.com.br\/v2\/pre-vestibular\/","title":{"rendered":"Pr\u00e9-vestibular"},"content":{"rendered":"<section class=\"l-section wpb_row height_medium\"><div class=\"l-section-h i-cf\"><div class=\"g-cols vc_row via_flex valign_top type_default stacking_default\"><div class=\"vc_col-sm-12 wpb_column vc_column_container\"><div class=\"vc_column-inner\"><div class=\"wpb_wrapper\"><div class=\"w-grid type_grid layout_portfolio_8 cols_2 ratio_1x1\" id=\"us_grid_1\" style=\"--gap:5px;\" data-filterable=\"true\"><style>@media (max-width:600px){#us_grid_1 .w-grid-list{margin:0}#us_grid_1 .w-grid-item{width:100%;padding:0;margin-bottom:var(--gap,0px)}}.layout_portfolio_8 .w-grid-item-h:before{padding-bottom:100%}@media (min-width:601px){.layout_portfolio_8 .w-grid-item.size_1x2 .w-grid-item-h:before{padding-bottom:calc(200% + var(--gap,0px) * 2)}.layout_portfolio_8 .w-grid-item.size_2x1 .w-grid-item-h:before{padding-bottom:calc(50% - var(--gap,0px) * 1)}.layout_portfolio_8 .w-grid-item.size_2x2 .w-grid-item-h:before{padding-bottom:calc(100% - var(--gap,0px) * 0)}}.layout_portfolio_8 .w-grid-item-h{}.layout_portfolio_8 .usg_post_image_1{transition-duration:0.4s;transform-origin:50% 50%;transform:scale(1) translate(-8%,0%)}.layout_portfolio_8 .w-grid-item-h:hover .usg_post_image_1{transform:scale(1) translate(0%,0%);opacity:0.1}.layout_portfolio_8 .usg_post_title_1{transition-duration:0.3s;transform-origin:50% 50%;transform:scale(1) translate(-33%,0%);opacity:0}.layout_portfolio_8 .w-grid-item-h:hover .usg_post_title_1{transform:scale(1) translate(0%,0%);opacity:1}.layout_portfolio_8 .usg_post_taxonomy_1{transition-duration:0.3s;transform-origin:50% 50%;transform:scale(1) translate(40%,0%);opacity:0}.layout_portfolio_8 .w-grid-item-h:hover .usg_post_taxonomy_1{transform:scale(1) translate(0%,0%);opacity:0.75}.layout_portfolio_8 .usg_post_image_1{width:110%!important;position:absolute!important;top:0!important;right:0!important;bottom:0!important;left:0!important}.layout_portfolio_8 .usg_vwrapper_1{position:absolute!important;top:0!important;right:0!important;bottom:0!important;left:0!important;padding:2rem!important}.layout_portfolio_8 .usg_post_title_1{color:inherit!important;font-size:1.4rem!important}<\/style><div class=\"w-grid-list\">\t<article class=\"w-grid-item post-1414 us_portfolio type-us_portfolio status-publish has-post-thumbnail hentry us_portfolio_category-pre-vestibular\" data-id=\"1414\">\r\n\t\t<div class=\"w-grid-item-h\">\r\n\t\t\t\t\t\t\t<a href=\"https:\/\/www.saojoseteresina.com.br\/v2\/cursosprevestibular\/med-premier-uno-e-uno\/\" class=\"w-grid-item-anchor\" aria-label=\"MED Premier UNO e UNO+\"><\/a>\r\n\t\t\t\t\t\t<div class=\"w-post-elm post_image usg_post_image_1 has_width stretched\"><img width=\"1024\" height=\"1024\" src=\"https:\/\/www.saojoseteresina.com.br\/v2\/wp-content\/uploads\/2020\/09\/med-premiere-uno-1024x1024.jpg\" class=\"attachment-large size-large wp-post-image\" alt=\"\" decoding=\"async\" srcset=\"https:\/\/www.saojoseteresina.com.br\/v2\/wp-content\/uploads\/2020\/09\/med-premiere-uno-1024x1024.jpg 1024w, https:\/\/www.saojoseteresina.com.br\/v2\/wp-content\/uploads\/2020\/09\/med-premiere-uno-300x300.jpg 300w, https:\/\/www.saojoseteresina.com.br\/v2\/wp-content\/uploads\/2020\/09\/med-premiere-uno-150x150.jpg 150w, https:\/\/www.saojoseteresina.com.br\/v2\/wp-content\/uploads\/2020\/09\/med-premiere-uno.jpg 1280w\" sizes=\"(max-width: 1024px) 100vw, 1024px\" \/><\/div><div class=\"w-vwrapper usg_vwrapper_1 align_none valign_middle\"><h2 class=\"w-post-elm post_title usg_post_title_1 has_text_color entry-title color_link_inherit\">MED Premier UNO e UNO+<\/h2><div class=\"w-post-elm post_taxonomy usg_post_taxonomy_1 style_simple color_link_inherit\"><a class=\"term-7 term-pre-vestibular\" href=\"https:\/\/www.saojoseteresina.com.br\/v2\/cursos_category\/pre-vestibular\/\">Pr\u00e9-vestibular<\/a><\/div><\/div>\t\t<\/div>\r\n\t<\/article>\r\n\t<article class=\"w-grid-item post-1410 us_portfolio type-us_portfolio status-publish has-post-thumbnail hentry us_portfolio_category-pre-vestibular\" data-id=\"1410\">\r\n\t\t<div class=\"w-grid-item-h\">\r\n\t\t\t\t\t\t\t<a href=\"https:\/\/www.saojoseteresina.com.br\/v2\/cursosprevestibular\/super-med\/\" class=\"w-grid-item-anchor\" aria-label=\"Super MED\"><\/a>\r\n\t\t\t\t\t\t<div class=\"w-post-elm post_image usg_post_image_1 has_width stretched\"><img width=\"1024\" height=\"1024\" src=\"https:\/\/www.saojoseteresina.com.br\/v2\/wp-content\/uploads\/2020\/09\/med-supermed-1024x1024.jpg\" class=\"attachment-large size-large wp-post-image\" alt=\"\" decoding=\"async\" srcset=\"https:\/\/www.saojoseteresina.com.br\/v2\/wp-content\/uploads\/2020\/09\/med-supermed-1024x1024.jpg 1024w, https:\/\/www.saojoseteresina.com.br\/v2\/wp-content\/uploads\/2020\/09\/med-supermed-300x300.jpg 300w, https:\/\/www.saojoseteresina.com.br\/v2\/wp-content\/uploads\/2020\/09\/med-supermed-150x150.jpg 150w, https:\/\/www.saojoseteresina.com.br\/v2\/wp-content\/uploads\/2020\/09\/med-supermed.jpg 1280w\" sizes=\"(max-width: 1024px) 100vw, 1024px\" \/><\/div><div class=\"w-vwrapper usg_vwrapper_1 align_none valign_middle\"><h2 class=\"w-post-elm post_title usg_post_title_1 has_text_color entry-title color_link_inherit\">Super MED<\/h2><div class=\"w-post-elm post_taxonomy usg_post_taxonomy_1 style_simple color_link_inherit\"><a class=\"term-7 term-pre-vestibular\" href=\"https:\/\/www.saojoseteresina.com.br\/v2\/cursos_category\/pre-vestibular\/\">Pr\u00e9-vestibular<\/a><\/div><\/div>\t\t<\/div>\r\n\t<\/article>\r\n\t<article class=\"w-grid-item post-182 us_portfolio type-us_portfolio status-publish has-post-thumbnail hentry us_portfolio_category-pre-vestibular\" data-id=\"182\">\r\n\t\t<div class=\"w-grid-item-h\">\r\n\t\t\t\t\t\t\t<a href=\"https:\/\/www.saojoseteresina.com.br\/v2\/cursosprevestibular\/med-master-turma-manha\/\" class=\"w-grid-item-anchor\" aria-label=\"MED Master &#8211; Turma Manh\u00e3\"><\/a>\r\n\t\t\t\t\t\t<div class=\"w-post-elm post_image usg_post_image_1 has_width stretched\"><img width=\"1024\" height=\"1024\" src=\"https:\/\/www.saojoseteresina.com.br\/v2\/wp-content\/uploads\/2020\/09\/med-master-manha-1024x1024.jpg\" class=\"attachment-large size-large wp-post-image\" alt=\"\" decoding=\"async\" srcset=\"https:\/\/www.saojoseteresina.com.br\/v2\/wp-content\/uploads\/2020\/09\/med-master-manha-1024x1024.jpg 1024w, https:\/\/www.saojoseteresina.com.br\/v2\/wp-content\/uploads\/2020\/09\/med-master-manha-300x300.jpg 300w, https:\/\/www.saojoseteresina.com.br\/v2\/wp-content\/uploads\/2020\/09\/med-master-manha-150x150.jpg 150w, https:\/\/www.saojoseteresina.com.br\/v2\/wp-content\/uploads\/2020\/09\/med-master-manha.jpg 1080w\" sizes=\"(max-width: 1024px) 100vw, 1024px\" \/><\/div><div class=\"w-vwrapper usg_vwrapper_1 align_none valign_middle\"><h2 class=\"w-post-elm post_title usg_post_title_1 has_text_color entry-title color_link_inherit\">MED Master &#8211; Turma Manh\u00e3<\/h2><div class=\"w-post-elm post_taxonomy usg_post_taxonomy_1 style_simple color_link_inherit\"><a class=\"term-7 term-pre-vestibular\" href=\"https:\/\/www.saojoseteresina.com.br\/v2\/cursos_category\/pre-vestibular\/\">Pr\u00e9-vestibular<\/a><\/div><\/div>\t\t<\/div>\r\n\t<\/article>\r\n\t<article class=\"w-grid-item post-153 us_portfolio type-us_portfolio status-publish has-post-thumbnail hentry us_portfolio_category-pre-vestibular\" data-id=\"153\">\r\n\t\t<div class=\"w-grid-item-h\">\r\n\t\t\t\t\t\t\t<a href=\"https:\/\/www.saojoseteresina.com.br\/v2\/cursosprevestibular\/med-premier-alpha\/\" class=\"w-grid-item-anchor\" aria-label=\"MED Premier Alpha\"><\/a>\r\n\t\t\t\t\t\t<div class=\"w-post-elm post_image usg_post_image_1 has_width stretched\"><img width=\"1024\" height=\"1024\" src=\"https:\/\/www.saojoseteresina.com.br\/v2\/wp-content\/uploads\/2020\/09\/med-premiere-alpha-1024x1024.jpg\" class=\"attachment-large size-large wp-post-image\" alt=\"\" decoding=\"async\" srcset=\"https:\/\/www.saojoseteresina.com.br\/v2\/wp-content\/uploads\/2020\/09\/med-premiere-alpha-1024x1024.jpg 1024w, https:\/\/www.saojoseteresina.com.br\/v2\/wp-content\/uploads\/2020\/09\/med-premiere-alpha-300x300.jpg 300w, https:\/\/www.saojoseteresina.com.br\/v2\/wp-content\/uploads\/2020\/09\/med-premiere-alpha-150x150.jpg 150w, https:\/\/www.saojoseteresina.com.br\/v2\/wp-content\/uploads\/2020\/09\/med-premiere-alpha.jpg 1280w\" sizes=\"(max-width: 1024px) 100vw, 1024px\" \/><\/div><div class=\"w-vwrapper usg_vwrapper_1 align_none valign_middle\"><h2 class=\"w-post-elm post_title usg_post_title_1 has_text_color entry-title color_link_inherit\">MED Premier Alpha<\/h2><div class=\"w-post-elm post_taxonomy usg_post_taxonomy_1 style_simple color_link_inherit\"><a class=\"term-7 term-pre-vestibular\" href=\"https:\/\/www.saojoseteresina.com.br\/v2\/cursos_category\/pre-vestibular\/\">Pr\u00e9-vestibular<\/a><\/div><\/div>\t\t<\/div>\r\n\t<\/article>\r\n\t<article class=\"w-grid-item post-172 us_portfolio type-us_portfolio status-publish has-post-thumbnail hentry us_portfolio_category-pre-vestibular\" data-id=\"172\">\r\n\t\t<div class=\"w-grid-item-h\">\r\n\t\t\t\t\t\t\t<a href=\"https:\/\/www.saojoseteresina.com.br\/v2\/cursosprevestibular\/med-enem-manha\/\" class=\"w-grid-item-anchor\" aria-label=\"MED ENEM Manh\u00e3\"><\/a>\r\n\t\t\t\t\t\t<div class=\"w-post-elm post_image usg_post_image_1 has_width stretched\"><img width=\"1024\" height=\"1024\" src=\"https:\/\/www.saojoseteresina.com.br\/v2\/wp-content\/uploads\/2020\/09\/med-enem-manha-1024x1024.jpg\" class=\"attachment-large size-large wp-post-image\" alt=\"\" decoding=\"async\" srcset=\"https:\/\/www.saojoseteresina.com.br\/v2\/wp-content\/uploads\/2020\/09\/med-enem-manha-1024x1024.jpg 1024w, https:\/\/www.saojoseteresina.com.br\/v2\/wp-content\/uploads\/2020\/09\/med-enem-manha-300x300.jpg 300w, https:\/\/www.saojoseteresina.com.br\/v2\/wp-content\/uploads\/2020\/09\/med-enem-manha-150x150.jpg 150w, https:\/\/www.saojoseteresina.com.br\/v2\/wp-content\/uploads\/2020\/09\/med-enem-manha.jpg 1080w\" sizes=\"(max-width: 1024px) 100vw, 1024px\" \/><\/div><div class=\"w-vwrapper usg_vwrapper_1 align_none valign_middle\"><h2 class=\"w-post-elm post_title usg_post_title_1 has_text_color entry-title color_link_inherit\">MED ENEM Manh\u00e3<\/h2><div class=\"w-post-elm post_taxonomy usg_post_taxonomy_1 style_simple color_link_inherit\"><a class=\"term-7 term-pre-vestibular\" href=\"https:\/\/www.saojoseteresina.com.br\/v2\/cursos_category\/pre-vestibular\/\">Pr\u00e9-vestibular<\/a><\/div><\/div>\t\t<\/div>\r\n\t<\/article>\r\n\t<article class=\"w-grid-item post-178 us_portfolio type-us_portfolio status-publish has-post-thumbnail hentry us_portfolio_category-pre-vestibular\" data-id=\"178\">\r\n\t\t<div class=\"w-grid-item-h\">\r\n\t\t\t\t\t\t\t<a href=\"https:\/\/www.saojoseteresina.com.br\/v2\/cursosprevestibular\/med-enem-tarde\/\" class=\"w-grid-item-anchor\" aria-label=\"MED ENEM Tarde\"><\/a>\r\n\t\t\t\t\t\t<div class=\"w-post-elm post_image usg_post_image_1 has_width stretched\"><img width=\"1024\" height=\"1024\" src=\"https:\/\/www.saojoseteresina.com.br\/v2\/wp-content\/uploads\/2020\/09\/med-enem-tarde-1024x1024.jpg\" class=\"attachment-large size-large wp-post-image\" alt=\"\" decoding=\"async\" srcset=\"https:\/\/www.saojoseteresina.com.br\/v2\/wp-content\/uploads\/2020\/09\/med-enem-tarde-1024x1024.jpg 1024w, https:\/\/www.saojoseteresina.com.br\/v2\/wp-content\/uploads\/2020\/09\/med-enem-tarde-300x300.jpg 300w, https:\/\/www.saojoseteresina.com.br\/v2\/wp-content\/uploads\/2020\/09\/med-enem-tarde-150x150.jpg 150w, https:\/\/www.saojoseteresina.com.br\/v2\/wp-content\/uploads\/2020\/09\/med-enem-tarde.jpg 1080w\" sizes=\"(max-width: 1024px) 100vw, 1024px\" \/><\/div><div class=\"w-vwrapper usg_vwrapper_1 align_none valign_middle\"><h2 class=\"w-post-elm post_title usg_post_title_1 has_text_color entry-title color_link_inherit\">MED ENEM Tarde<\/h2><div class=\"w-post-elm post_taxonomy usg_post_taxonomy_1 style_simple color_link_inherit\"><a class=\"term-7 term-pre-vestibular\" href=\"https:\/\/www.saojoseteresina.com.br\/v2\/cursos_category\/pre-vestibular\/\">Pr\u00e9-vestibular<\/a><\/div><\/div>\t\t<\/div>\r\n\t<\/article>\r\n<\/div><div class=\"w-grid-preloader\"><div class=\"g-preloader type_1\">\r\n\t<div><\/div>\r\n<\/div>\r\n<\/div>\t<div class=\"w-grid-json hidden\" onclick='return {&quot;action&quot;:&quot;us_ajax_grid&quot;,&quot;ajax_url&quot;:&quot;https:\\\/\\\/www.saojoseteresina.com.br\\\/v2\\\/wp-admin\\\/admin-ajax.php&quot;,&quot;infinite_scroll&quot;:0,&quot;max_num_pages&quot;:1,&quot;pagination&quot;:&quot;none&quot;,&quot;permalink_url&quot;:&quot;https:\\\/\\\/www.saojoseteresina.com.br\\\/v2\\\/wp-json\\\/wp\\\/v2\\\/pages\\\/188&quot;,&quot;template_vars&quot;:{&quot;columns&quot;:&quot;2&quot;,&quot;exclude_items&quot;:&quot;none&quot;,&quot;img_size&quot;:&quot;default&quot;,&quot;ignore_items_size&quot;:0,&quot;items_layout&quot;:&quot;portfolio_8&quot;,&quot;items_offset&quot;:&quot;1&quot;,&quot;load_animation&quot;:&quot;none&quot;,&quot;overriding_link&quot;:&quot;%7B%22type%22%3A%22post%22%7D&quot;,&quot;post_id&quot;:0,&quot;query_args&quot;:{&quot;post_type&quot;:[&quot;us_portfolio&quot;],&quot;tax_query&quot;:[{&quot;taxonomy&quot;:&quot;us_portfolio_category&quot;,&quot;field&quot;:&quot;slug&quot;,&quot;terms&quot;:[&quot;pre-vestibular&quot;]}],&quot;post_status&quot;:[&quot;publish&quot;],&quot;posts_per_page&quot;:&quot;10&quot;},&quot;orderby_query_args&quot;:{&quot;orderby&quot;:{&quot;date&quot;:&quot;DESC&quot;}},&quot;type&quot;:&quot;grid&quot;,&quot;us_grid_ajax_index&quot;:1,&quot;us_grid_filter_params&quot;:null,&quot;us_grid_index&quot;:1,&quot;_us_grid_post_type&quot;:&quot;us_portfolio&quot;,&quot;page_args&quot;:[]}}'><\/div>\r\n\t<\/div><\/div><\/div><\/div><\/div><\/div><\/section>\n","protected":false},"excerpt":{"rendered":"SOBRE O CURSOTurma extensiva ideal para a sua aprova\u00e7\u00e3o para Medicina e demais cursos por meio do Enem. A turma contar\u00e1 com uma carga-hor\u00e1ria focada no Enem, com 25 aulas semanais: 5 aulas di\u00e1rias (segunda-feira \u00e0 sexta-feira \u2013 Turno: manh\u00e3). Diferenciais da turma: Monitoria on-line e presencial; A melhor equipe de professores; A melhor infraestrutura...","protected":false},"author":1,"featured_media":0,"parent":0,"menu_order":0,"comment_status":"closed","ping_status":"closed","template":"","meta":{"footnotes":""},"_links":{"self":[{"href":"https:\/\/www.saojoseteresina.com.br\/v2\/wp-json\/wp\/v2\/pages\/188"}],"collection":[{"href":"https:\/\/www.saojoseteresina.com.br\/v2\/wp-json\/wp\/v2\/pages"}],"about":[{"href":"https:\/\/www.saojoseteresina.com.br\/v2\/wp-json\/wp\/v2\/types\/page"}],"author":[{"embeddable":true,"href":"https:\/\/www.saojoseteresina.com.br\/v2\/wp-json\/wp\/v2\/users\/1"}],"replies":[{"embeddable":true,"href":"https:\/\/www.saojoseteresina.com.br\/v2\/wp-json\/wp\/v2\/comments?post=188"}],"version-history":[{"count":7,"href":"https:\/\/www.saojoseteresina.com.br\/v2\/wp-json\/wp\/v2\/pages\/188\/revisions"}],"predecessor-version":[{"id":1418,"href":"https:\/\/www.saojoseteresina.com.br\/v2\/wp-json\/wp\/v2\/pages\/188\/revisions\/1418"}],"wp:attachment":[{"href":"https:\/\/www.saojoseteresina.com.br\/v2\/wp-json\/wp\/v2\/media?parent=188"}],"curies":[{"name":"wp","href":"https:\/\/api.w.org\/{rel}","templated":true}]}}