{"id":197,"date":"2020-09-16T10:14:45","date_gmt":"2020-09-16T13:14:45","guid":{"rendered":"https:\/\/www.saojoseteresina.com.br\/v2\/?page_id=197"},"modified":"2023-11-28T20:21:54","modified_gmt":"2023-11-28T23:21:54","slug":"educacao-infantil","status":"publish","type":"page","link":"https:\/\/www.saojoseteresina.com.br\/v2\/educacao-infantil\/","title":{"rendered":"Educa\u00e7\u00e3o Infantil"},"content":{"rendered":"<section class=\"l-section wpb_row height_medium\"><div class=\"l-section-h i-cf\"><div class=\"g-cols vc_row via_flex valign_top type_default stacking_default\"><div class=\"vc_col-sm-6 wpb_column vc_column_container\"><div class=\"vc_column-inner\"><div class=\"wpb_wrapper\"><div class=\"w-image align_center\"><div url class=\"w-image-h\"><img width=\"1296\" height=\"1947\" src=\"https:\/\/www.saojoseteresina.com.br\/v2\/wp-content\/uploads\/2020\/09\/06-set-2020-elementos-site_002.png\" class=\"attachment-full size-full\" alt=\"\" decoding=\"async\" loading=\"lazy\" srcset=\"https:\/\/www.saojoseteresina.com.br\/v2\/wp-content\/uploads\/2020\/09\/06-set-2020-elementos-site_002.png 1296w, https:\/\/www.saojoseteresina.com.br\/v2\/wp-content\/uploads\/2020\/09\/06-set-2020-elementos-site_002-200x300.png 200w, https:\/\/www.saojoseteresina.com.br\/v2\/wp-content\/uploads\/2020\/09\/06-set-2020-elementos-site_002-682x1024.png 682w\" sizes=\"(max-width: 1296px) 100vw, 1296px\" \/><\/div><\/div><\/div><\/div><\/div><div class=\"vc_col-sm-6 wpb_column vc_column_container\"><div class=\"vc_column-inner\"><div class=\"wpb_wrapper\"><div class=\"wpb_text_column\"><div class=\"wpb_wrapper\"><p>No Instituto Educacional S\u00e3o Jos\u00e9, a for\u00e7a do ensino e a paix\u00e3o pelo conhecimento v\u00eam desde os primeiros aprendizados. O projeto pedag\u00f3gico da Educa\u00e7\u00e3o Infantil foi estruturado tanto para desenvolver uma base s\u00f3lida e diferenciada \u2013 que inclui, por exemplo, o ensino dos valores crist\u00e3os, a educa\u00e7\u00e3o bil\u00edngue e uma pedagogia baseada em projetos \u2013 como para motivar os alunos, desde cedo, a serem investigadores ativos do mundo \u00e0 sua volta.<\/p>\n<p>Nessa etapa, as descobertas surgem como consequ\u00eancia direta das intera\u00e7\u00f5es e brincadeiras, mediadas pelos professores. O que \u00e9 l\u00fadico e estimulante para o aluno tem prop\u00f3sitos pedag\u00f3gicos fundamentais, como a aquisi\u00e7\u00e3o de conhecimentos cient\u00edficos; o desenvolvimento da linguagem, do racioc\u00ednio e da capacidade de resolver problemas; a promo\u00e7\u00e3o de habilidades motoras, emocionais; e o in\u00edcio da vida em grupo, com respeito ao outro e \u00e0s regras e aos valores da sociedade.<\/p>\n<p>Para conforto e tranquilidade de pais e alunos, a Educa\u00e7\u00e3o Infantil disp\u00f5e de espa\u00e7o exclusivo, com entrada pr\u00f3pria e instala\u00e7\u00f5es projetadas especificamente para essa faixa et\u00e1ria: salas de aula com mesas e cadeiras pequenas e lousas pr\u00f3ximas ao ch\u00e3o; sanit\u00e1rios com pias e vasos rebaixados e \u00e1reas de recrea\u00e7\u00e3o acolhedoras e seguras. Tamb\u00e9m oferecemos aulas de bal\u00e9, jud\u00f4 e capoeira.<\/p>\n<\/div><\/div><\/div><\/div><\/div><\/div><\/div><\/section><section class=\"l-section wpb_row height_small\" id=\"livroinfantil\"><div class=\"l-section-overlay\" style=\"background:var(--color-header-middle-text-hover)\"><\/div><div class=\"l-section-h i-cf\"><div class=\"g-cols vc_row via_flex valign_top type_default stacking_default\"><div class=\"vc_col-sm-12 wpb_column vc_column_container\"><div class=\"vc_column-inner\"><div class=\"wpb_wrapper\"><div class=\"wpb_text_column us_custom_6df4bc3a has_text_color\"><div class=\"wpb_wrapper\"><h2 style=\"text-align: center;\">Lista de Livros 2024<\/h2>\n<\/div><\/div><div class=\"g-cols wpb_row via_flex valign_top type_default stacking_default\"><div class=\"vc_col-sm-4 wpb_column vc_column_container\"><div class=\"vc_column-inner\"><div class=\"wpb_wrapper\"><div class=\"w-btn-wrapper align_justify\"><a class=\"w-btn us-btn-style_9 icon_atleft\" target=\"_blank\" rel=\"nofollow\" href=\"https:\/\/www.saojoseteresina.com.br\/v2\/wp-content\/uploads\/2023\/11\/LISTA-DE-LIVROS-MATERNAL-2024-VALENDO.pdf\"><i class=\"fas fa-book\"><\/i><span class=\"w-btn-label\">Maternal<\/span><\/a><\/div><\/div><\/div><\/div><div class=\"vc_col-sm-4 wpb_column vc_column_container\"><div class=\"vc_column-inner\"><div class=\"wpb_wrapper\"><div class=\"w-btn-wrapper align_justify\"><a class=\"w-btn us-btn-style_9 icon_atleft\" target=\"_blank\" rel=\"nofollow\" href=\"https:\/\/www.saojoseteresina.com.br\/v2\/wp-content\/uploads\/2023\/11\/LISTA-DE-LIVROS-NIVEL-I-2024-VALENDO-OK.pdf\"><i class=\"fas fa-book\"><\/i><span class=\"w-btn-label\">N\u00edvel 1<\/span><\/a><\/div><\/div><\/div><\/div><div class=\"vc_col-sm-4 wpb_column vc_column_container\"><div class=\"vc_column-inner\"><div class=\"wpb_wrapper\"><div class=\"w-btn-wrapper align_justify\"><a class=\"w-btn us-btn-style_9 icon_atleft\" target=\"_blank\" rel=\"nofollow\" href=\"https:\/\/www.saojoseteresina.com.br\/v2\/wp-content\/uploads\/2023\/11\/LISTA-DE-LIVROS-NIVEL-II-2024-VALENDO-ok.pdf\"><i class=\"fas fa-book\"><\/i><span class=\"w-btn-label\">N\u00edvel 2<\/span><\/a><\/div><\/div><\/div><\/div><\/div><\/div><\/div><\/div><\/div><\/div><\/section><!-- Row Backgrounds --><div class=\"upb_color\" data-bg-override=\"0\" data-bg-color=\"#efefef\" data-fadeout=\"\" data-fadeout-percentage=\"30\" data-parallax-content=\"\" data-parallax-content-sense=\"30\" data-row-effect-mobile-disable=\"true\" data-img-parallax-mobile-disable=\"true\" data-rtl=\"false\"  data-custom-vc-row=\"\"  data-vc=\"6.2.0\"  data-is_old_vc=\"\"  data-theme-support=\"\"   data-overlay=\"false\" data-overlay-color=\"\" data-overlay-pattern=\"\" data-overlay-pattern-opacity=\"\" data-overlay-pattern-size=\"\"    ><\/div><section class=\"l-section wpb_row height_medium\"><div class=\"l-section-h i-cf\"><div class=\"g-cols vc_row via_flex valign_top type_default stacking_default\"><div class=\"vc_col-sm-12 wpb_column vc_column_container\"><div class=\"vc_column-inner\"><div class=\"wpb_wrapper\"><div class=\"wpb_text_column\"><div class=\"wpb_wrapper\"><h2 style=\"text-align: center;\">Veja mais<\/h2>\n<\/div><\/div><div class=\"g-cols wpb_row via_flex valign_top type_default stacking_default\"><div class=\"vc_col-sm-4 wpb_column vc_column_container\"><div class=\"vc_column-inner\"><div class=\"wpb_wrapper\"><div class=\"w-btn-wrapper align_none\"><a class=\"w-btn us-btn-style_5 icon_atleft\" href=\"https:\/\/www.saojoseteresina.com.br\/v2\/ensino-fundamental\/\"><i class=\"fas fa-check\"><\/i><span class=\"w-btn-label\">Conhe\u00e7a o Ensino Fundamental<\/span><\/a><\/div><\/div><\/div><\/div><div class=\"vc_col-sm-4 wpb_column vc_column_container\"><div class=\"vc_column-inner\"><div class=\"wpb_wrapper\"><div class=\"w-btn-wrapper align_none\"><a class=\"w-btn us-btn-style_7 icon_atleft\" href=\"https:\/\/www.saojoseteresina.com.br\/v2\/ensino-medio\/\"><i class=\"fas fa-check\"><\/i><span class=\"w-btn-label\">Conhe\u00e7a o Ensino M\u00e9dio<\/span><\/a><\/div><\/div><\/div><\/div><div class=\"vc_col-sm-4 wpb_column vc_column_container\"><div class=\"vc_column-inner\"><div class=\"wpb_wrapper\"><div class=\"w-btn-wrapper align_none\"><a class=\"w-btn us-btn-style_8 icon_atleft\" href=\"https:\/\/www.saojoseteresina.com.br\/v2\/pre-vestibular\/\"><i class=\"fas fa-check\"><\/i><span class=\"w-btn-label\">Conhe\u00e7a os cursos do Pr\u00e9-vestibular<\/span><\/a><\/div><\/div><\/div><\/div><\/div><\/div><\/div><\/div><\/div><\/div><\/section><section class=\"l-section wpb_row height_medium\"><div class=\"l-section-h i-cf\"><div class=\"g-cols vc_row via_flex valign_top type_default stacking_default\"><div class=\"vc_col-sm-4 wpb_column vc_column_container\"><div class=\"vc_column-inner\"><div class=\"wpb_wrapper\"><\/div><\/div><\/div><div class=\"vc_col-sm-4 wpb_column vc_column_container\"><div class=\"vc_column-inner\"><div class=\"wpb_wrapper\"><\/div><\/div><\/div><div class=\"vc_col-sm-4 wpb_column vc_column_container\"><div class=\"vc_column-inner\"><div class=\"wpb_wrapper\"><\/div><\/div><\/div><\/div><\/div><\/section>\n","protected":false},"excerpt":{"rendered":"No Instituto Educacional S\u00e3o Jos\u00e9, a for\u00e7a do ensino e a paix\u00e3o pelo conhecimento v\u00eam desde os primeiros aprendizados. O projeto pedag\u00f3gico da Educa\u00e7\u00e3o Infantil foi estruturado tanto para desenvolver uma base s\u00f3lida e diferenciada \u2013 que inclui, por exemplo, o ensino dos valores crist\u00e3os, a educa\u00e7\u00e3o bil\u00edngue e uma pedagogia baseada em projetos \u2013...","protected":false},"author":1,"featured_media":0,"parent":0,"menu_order":0,"comment_status":"closed","ping_status":"closed","template":"","meta":{"footnotes":""},"_links":{"self":[{"href":"https:\/\/www.saojoseteresina.com.br\/v2\/wp-json\/wp\/v2\/pages\/197"}],"collection":[{"href":"https:\/\/www.saojoseteresina.com.br\/v2\/wp-json\/wp\/v2\/pages"}],"about":[{"href":"https:\/\/www.saojoseteresina.com.br\/v2\/wp-json\/wp\/v2\/types\/page"}],"author":[{"embeddable":true,"href":"https:\/\/www.saojoseteresina.com.br\/v2\/wp-json\/wp\/v2\/users\/1"}],"replies":[{"embeddable":true,"href":"https:\/\/www.saojoseteresina.com.br\/v2\/wp-json\/wp\/v2\/comments?post=197"}],"version-history":[{"count":28,"href":"https:\/\/www.saojoseteresina.com.br\/v2\/wp-json\/wp\/v2\/pages\/197\/revisions"}],"predecessor-version":[{"id":1197,"href":"https:\/\/www.saojoseteresina.com.br\/v2\/wp-json\/wp\/v2\/pages\/197\/revisions\/1197"}],"wp:attachment":[{"href":"https:\/\/www.saojoseteresina.com.br\/v2\/wp-json\/wp\/v2\/media?parent=197"}],"curies":[{"name":"wp","href":"https:\/\/api.w.org\/{rel}","templated":true}]}}