{"id":916,"date":"2022-08-23T19:48:14","date_gmt":"2022-08-23T22:48:14","guid":{"rendered":"https:\/\/www.saojoseteresina.com.br\/v2\/?page_id=916"},"modified":"2025-09-01T21:07:54","modified_gmt":"2025-09-02T00:07:54","slug":"processo-seletivo-sao-jose","status":"publish","type":"page","link":"https:\/\/www.saojoseteresina.com.br\/v2\/processo-seletivo-sao-jose\/","title":{"rendered":"Processo Seletivo S\u00e3o Jos\u00e9"},"content":{"rendered":"<section class=\"l-section wpb_row height_auto\"><div class=\"l-section-h i-cf\"><div class=\"g-cols vc_row via_flex valign_top type_default stacking_default\"><div class=\"vc_col-sm-6 wpb_column vc_column_container\"><div class=\"vc_column-inner\"><div class=\"wpb_wrapper\"><div class=\"wpb_text_column\"><div class=\"wpb_wrapper\"><h4>PROCESSO<br \/>SELETIVO &#8211; FUNDAMENTAL ANOS INICIAIS &#8211; 1\u00ba AO 5\u00ba ANO<br \/>2026<\/h4>\n<\/div><\/div><div class=\"w-image align_center\"><div url class=\"w-image-h\"><img width=\"1024\" height=\"1280\" src=\"https:\/\/www.saojoseteresina.com.br\/v2\/wp-content\/uploads\/2025\/09\/Imagem-do-WhatsApp-de-2025-08-29-as-22.03.40_07f3dd41.jpg\" class=\"attachment-full size-full\" alt=\"\" decoding=\"async\" loading=\"lazy\" srcset=\"https:\/\/www.saojoseteresina.com.br\/v2\/wp-content\/uploads\/2025\/09\/Imagem-do-WhatsApp-de-2025-08-29-as-22.03.40_07f3dd41.jpg 1024w, https:\/\/www.saojoseteresina.com.br\/v2\/wp-content\/uploads\/2025\/09\/Imagem-do-WhatsApp-de-2025-08-29-as-22.03.40_07f3dd41-240x300.jpg 240w, https:\/\/www.saojoseteresina.com.br\/v2\/wp-content\/uploads\/2025\/09\/Imagem-do-WhatsApp-de-2025-08-29-as-22.03.40_07f3dd41-819x1024.jpg 819w\" sizes=\"(max-width: 1024px) 100vw, 1024px\" \/><\/div><\/div><\/div><\/div><\/div><div class=\"vc_col-sm-6 wpb_column vc_column_container\"><div class=\"vc_column-inner\"><div class=\"wpb_wrapper\"><div class=\"w-btn-wrapper align_justify\"><a class=\"w-btn us-btn-style_6 icon_atleft\" target=\"_blank\" rel=\"nofollow\" href=\"https:\/\/www.saojoseteresina.com.br\/v2\/wp-content\/uploads\/2025\/09\/EDITAL-DO-1o-PROCESSO-SELETIVO-2026-Fund-1.pdf\"><i class=\"fas fa-download\"><\/i><span class=\"w-btn-label\">EDITAL<\/span><\/a><\/div><div class=\"w-separator size_small\"><\/div><h4 class=\"w-text us_custom_eb849559\"><span url class=\"w-text-h\"><span class=\"w-text-value\">Conte\u00fado program\u00e1tico<\/span><\/span><\/h4><div class=\"w-btn-wrapper align_justify\"><a class=\"w-btn us-btn-style_7 icon_atleft\" target=\"_blank\" rel=\"nofollow\" href=\"https:\/\/www.saojoseteresina.com.br\/v2\/wp-content\/uploads\/2025\/09\/roteirotestesaojose-1.pdf\"><i class=\"fas fa-download\"><\/i><span class=\"w-btn-label\">DOWNLOAD<\/span><\/a><\/div><div class=\"w-separator size_medium\"><\/div><div class=\"w-btn-wrapper align_justify\"><a class=\"w-btn us-btn-style_10 icon_atleft\" target=\"_blank\" rel=\"nofollow\" href=\"https:\/\/forms.gle\/gzJN1GVHsAdKhxoB8\"><i class=\"fas fa-pen\"><\/i><span class=\"w-btn-label\">INSCRI\u00c7\u00c3O<\/span><\/a><\/div><div class=\"w-separator size_medium\"><\/div><\/div><\/div><\/div><\/div><\/div><\/section>\n","protected":false},"excerpt":{"rendered":"PROCESSOSELETIVO &#8211; FUNDAMENTAL ANOS INICIAIS &#8211; 1\u00ba AO 5\u00ba ANO2026 EDITALConte\u00fado program\u00e1ticoDOWNLOADINSCRI\u00c7\u00c3O","protected":false},"author":1,"featured_media":0,"parent":0,"menu_order":0,"comment_status":"closed","ping_status":"closed","template":"","meta":{"footnotes":""},"_links":{"self":[{"href":"https:\/\/www.saojoseteresina.com.br\/v2\/wp-json\/wp\/v2\/pages\/916"}],"collection":[{"href":"https:\/\/www.saojoseteresina.com.br\/v2\/wp-json\/wp\/v2\/pages"}],"about":[{"href":"https:\/\/www.saojoseteresina.com.br\/v2\/wp-json\/wp\/v2\/types\/page"}],"author":[{"embeddable":true,"href":"https:\/\/www.saojoseteresina.com.br\/v2\/wp-json\/wp\/v2\/users\/1"}],"replies":[{"embeddable":true,"href":"https:\/\/www.saojoseteresina.com.br\/v2\/wp-json\/wp\/v2\/comments?post=916"}],"version-history":[{"count":32,"href":"https:\/\/www.saojoseteresina.com.br\/v2\/wp-json\/wp\/v2\/pages\/916\/revisions"}],"predecessor-version":[{"id":1519,"href":"https:\/\/www.saojoseteresina.com.br\/v2\/wp-json\/wp\/v2\/pages\/916\/revisions\/1519"}],"wp:attachment":[{"href":"https:\/\/www.saojoseteresina.com.br\/v2\/wp-json\/wp\/v2\/media?parent=916"}],"curies":[{"name":"wp","href":"https:\/\/api.w.org\/{rel}","templated":true}]}}